{"id":89,"date":"2020-04-23T15:06:08","date_gmt":"2020-04-23T18:06:08","guid":{"rendered":"http:\/\/inovastart.com.br\/?page_id=89"},"modified":"2020-05-07T20:53:50","modified_gmt":"2020-05-07T23:53:50","slug":"pagina-em-construcao","status":"publish","type":"page","link":"https:\/\/inovastart.com\/index.php\/pagina-em-construcao\/","title":{"rendered":"Pagina em Constru\u00e7\u00e3o"},"content":{"rendered":"\t\t<div data-elementor-type=\"wp-page\" data-elementor-id=\"89\" class=\"elementor elementor-89\">\n\t\t\t\t\t\t\t\t\t<section class=\"elementor-section elementor-top-section elementor-element elementor-element-8858088 elementor-section-height-min-height elementor-section-boxed elementor-section-height-default elementor-section-items-middle\" data-id=\"8858088\" data-element_type=\"section\" data-settings=\"{&quot;background_background&quot;:&quot;classic&quot;}\">\n\t\t\t\t\t\t<div class=\"elementor-container elementor-column-gap-no\">\n\t\t\t\t\t<div class=\"elementor-column elementor-col-100 elementor-top-column elementor-element elementor-element-f7015fa\" data-id=\"f7015fa\" data-element_type=\"column\">\n\t\t\t<div class=\"elementor-widget-wrap elementor-element-populated\">\n\t\t\t\t\t\t\t\t<section class=\"elementor-section elementor-inner-section elementor-element elementor-element-0a9cc5e elementor-section-boxed elementor-section-height-default elementor-section-height-default\" data-id=\"0a9cc5e\" data-element_type=\"section\">\n\t\t\t\t\t\t<div class=\"elementor-container elementor-column-gap-default\">\n\t\t\t\t\t<div class=\"elementor-column elementor-col-100 elementor-inner-column elementor-element elementor-element-d624020\" data-id=\"d624020\" data-element_type=\"column\">\n\t\t\t<div class=\"elementor-widget-wrap elementor-element-populated\">\n\t\t\t\t\t\t\t\t<div class=\"elementor-element elementor-element-ccf2226 elementor-widget elementor-widget-image\" data-id=\"ccf2226\" data-element_type=\"widget\" data-widget_type=\"image.default\">\n\t\t\t\t<div class=\"elementor-widget-container\">\n\t\t\t\t\t\t\t\t\t\t\t\t\t\t\t<img loading=\"lazy\" decoding=\"async\" width=\"300\" height=\"199\" src=\"https:\/\/inovastart.com\/wp-content\/uploads\/2020\/04\/Vertical-Branca@4x-300x199.png\" class=\"attachment-medium size-medium wp-image-42\" alt=\"\" srcset=\"https:\/\/inovastart.com\/wp-content\/uploads\/2020\/04\/Vertical-Branca@4x-300x199.png 300w, https:\/\/inovastart.com\/wp-content\/uploads\/2020\/04\/Vertical-Branca@4x-1024x679.png 1024w, https:\/\/inovastart.com\/wp-content\/uploads\/2020\/04\/Vertical-Branca@4x-768x509.png 768w, https:\/\/inovastart.com\/wp-content\/uploads\/2020\/04\/Vertical-Branca@4x.png 1123w\" sizes=\"auto, (max-width: 300px) 100vw, 300px\" \/>\t\t\t\t\t\t\t\t\t\t\t\t\t\t\t<\/div>\n\t\t\t\t<\/div>\n\t\t\t\t<div class=\"elementor-element elementor-element-b6f2a57 elementor-invisible elementor-widget elementor-widget-heading\" data-id=\"b6f2a57\" data-element_type=\"widget\" data-settings=\"{&quot;_animation&quot;:&quot;fadeInUp&quot;,&quot;_animation_delay&quot;:400}\" data-widget_type=\"heading.default\">\n\t\t\t\t<div class=\"elementor-widget-container\">\n\t\t\t<h2 class=\"elementor-heading-title elementor-size-default\">CONSULTORIA EM GEST\u00c3O EMPRESARIAL,\nSIMULA\u00c7\u00c3O DE OPORTUNIDADES E GERA\u00c7\u00c3O DE NOVOS NEG\u00d3CIOS<\/h2>\t\t<\/div>\n\t\t\t\t<\/div>\n\t\t\t\t\t<\/div>\n\t\t<\/div>\n\t\t\t\t\t\t\t<\/div>\n\t\t<\/section>\n\t\t\t\t<section class=\"elementor-section elementor-inner-section elementor-element elementor-element-db865fa elementor-section-boxed elementor-section-height-default elementor-section-height-default\" data-id=\"db865fa\" data-element_type=\"section\">\n\t\t\t\t\t\t<div class=\"elementor-container elementor-column-gap-default\">\n\t\t\t\t\t<div class=\"elementor-column elementor-col-33 elementor-inner-column elementor-element elementor-element-dacdcec\" data-id=\"dacdcec\" data-element_type=\"column\">\n\t\t\t<div class=\"elementor-widget-wrap\">\n\t\t\t\t\t\t\t\t\t<\/div>\n\t\t<\/div>\n\t\t\t\t<div class=\"elementor-column elementor-col-33 elementor-inner-column elementor-element elementor-element-f5d8a64\" data-id=\"f5d8a64\" data-element_type=\"column\">\n\t\t\t<div class=\"elementor-widget-wrap elementor-element-populated\">\n\t\t\t\t\t\t\t\t<div class=\"elementor-element elementor-element-e62508f elementor-widget elementor-widget-heading\" data-id=\"e62508f\" data-element_type=\"widget\" data-widget_type=\"heading.default\">\n\t\t\t\t<div class=\"elementor-widget-container\">\n\t\t\t<h2 class=\"elementor-heading-title elementor-size-default\">P\u00c1GINA EM CONSTRU\u00c7\u00c3O<br><br><\/h2>\t\t<\/div>\n\t\t\t\t<\/div>\n\t\t\t\t\t<\/div>\n\t\t<\/div>\n\t\t\t\t<div class=\"elementor-column elementor-col-33 elementor-inner-column elementor-element elementor-element-ddb163b\" data-id=\"ddb163b\" data-element_type=\"column\">\n\t\t\t<div class=\"elementor-widget-wrap\">\n\t\t\t\t\t\t\t\t\t<\/div>\n\t\t<\/div>\n\t\t\t\t\t\t\t<\/div>\n\t\t<\/section>\n\t\t\t\t\t<\/div>\n\t\t<\/div>\n\t\t\t\t\t\t\t<\/div>\n\t\t<\/section>\n\t\t\t\t\t\t\t<\/div>\n\t\t","protected":false},"excerpt":{"rendered":"<p>CONSULTORIA EM GEST\u00c3O EMPRESARIAL, SIMULA\u00c7\u00c3O DE OPORTUNIDADES E GERA\u00c7\u00c3O DE NOVOS NEG\u00d3CIOS P\u00c1GINA EM CONSTRU\u00c7\u00c3O<\/p>\n","protected":false},"author":3,"featured_media":0,"parent":0,"menu_order":0,"comment_status":"closed","ping_status":"closed","template":"elementor_canvas","meta":{"footnotes":""},"class_list":["post-89","page","type-page","status-publish","hentry"],"aioseo_notices":[],"_links":{"self":[{"href":"https:\/\/inovastart.com\/index.php\/wp-json\/wp\/v2\/pages\/89","targetHints":{"allow":["GET"]}}],"collection":[{"href":"https:\/\/inovastart.com\/index.php\/wp-json\/wp\/v2\/pages"}],"about":[{"href":"https:\/\/inovastart.com\/index.php\/wp-json\/wp\/v2\/types\/page"}],"author":[{"embeddable":true,"href":"https:\/\/inovastart.com\/index.php\/wp-json\/wp\/v2\/users\/3"}],"replies":[{"embeddable":true,"href":"https:\/\/inovastart.com\/index.php\/wp-json\/wp\/v2\/comments?post=89"}],"version-history":[{"count":8,"href":"https:\/\/inovastart.com\/index.php\/wp-json\/wp\/v2\/pages\/89\/revisions"}],"predecessor-version":[{"id":675,"href":"https:\/\/inovastart.com\/index.php\/wp-json\/wp\/v2\/pages\/89\/revisions\/675"}],"wp:attachment":[{"href":"https:\/\/inovastart.com\/index.php\/wp-json\/wp\/v2\/media?parent=89"}],"curies":[{"name":"wp","href":"https:\/\/api.w.org\/{rel}","templated":true}]}}